{"id":50,"date":"2023-01-16T17:08:25","date_gmt":"2023-01-16T22:08:25","guid":{"rendered":"https:\/\/bertrandplumbing.thedev.ca\/?page_id=50"},"modified":"2024-08-28T12:18:50","modified_gmt":"2024-08-28T16:18:50","slug":"accueil","status":"publish","type":"page","link":"https:\/\/bertrandplumbing.com\/fr\/","title":{"rendered":"Accueil"},"content":{"rendered":"<div id=\"cs-content\" class=\"cs-content\"><\/div>\n","protected":false},"excerpt":{"rendered":"<p>NOUS R\u00c9PONDONS \u00c0 TOUS VOS BESOINS ET EXIGENCES Du projet le plus simple au plus complexe.Contactez-nousDu projet le plus simple au plus complexe, Bertrand Plumbing &amp; Heating Inc. r\u00e9pondra \u00e0 tous vos besoins et \u00e0 toutes vos exigences.Nos services \u00c9lectriques PlomberieChauffage, climatisation et ventilationConduit de ventilation (Ductwork Service)Conception et installation de foyersChauffage radiantTraitement de l\u2019eauNOUS OFFRONS UN FINANCEMENT. DEMANDEZ-NOUS COMMENT &#8230; <\/p>\n<div><a href=\"https:\/\/bertrandplumbing.com\/fr\/\" class=\"more-link\">Read More<\/a><\/div>\n","protected":false},"author":2,"featured_media":0,"parent":0,"menu_order":0,"comment_status":"closed","ping_status":"closed","template":"template-blank-4.php","meta":{"_seopress_robots_primary_cat":"","_seopress_titles_title":"Les meilleurs et les plus rapides plombiers d'Ottawa pr\u00e8s de chez vous | Bertrand Plumbing","_seopress_titles_desc":"Vous cherchez les meilleurs plombiers \u00e0 Ottawa pr\u00e8s de chez vous ? Bertrand Plumbing offre des services de qualit\u00e9 sup\u00e9rieure en mati\u00e8re de plomberie, de chauffage et d'\u00e9lectricit\u00e9.","_seopress_robots_index":"","footnotes":""},"class_list":["post-50","page","type-page","status-publish","hentry","no-post-thumbnail"],"_links":{"self":[{"href":"https:\/\/bertrandplumbing.com\/fr\/wp-json\/wp\/v2\/pages\/50","targetHints":{"allow":["GET"]}}],"collection":[{"href":"https:\/\/bertrandplumbing.com\/fr\/wp-json\/wp\/v2\/pages"}],"about":[{"href":"https:\/\/bertrandplumbing.com\/fr\/wp-json\/wp\/v2\/types\/page"}],"author":[{"embeddable":true,"href":"https:\/\/bertrandplumbing.com\/fr\/wp-json\/wp\/v2\/users\/2"}],"replies":[{"embeddable":true,"href":"https:\/\/bertrandplumbing.com\/fr\/wp-json\/wp\/v2\/comments?post=50"}],"version-history":[{"count":7,"href":"https:\/\/bertrandplumbing.com\/fr\/wp-json\/wp\/v2\/pages\/50\/revisions"}],"predecessor-version":[{"id":802,"href":"https:\/\/bertrandplumbing.com\/fr\/wp-json\/wp\/v2\/pages\/50\/revisions\/802"}],"wp:attachment":[{"href":"https:\/\/bertrandplumbing.com\/fr\/wp-json\/wp\/v2\/media?parent=50"}],"curies":[{"name":"wp","href":"https:\/\/api.w.org\/{rel}","templated":true}]}}