{"id":349,"date":"2023-01-25T20:07:03","date_gmt":"2023-01-26T01:07:03","guid":{"rendered":"https:\/\/bertrandplumbing.thedev.ca\/about-us-french\/"},"modified":"2024-05-01T15:28:54","modified_gmt":"2024-05-01T19:28:54","slug":"a-propos","status":"publish","type":"page","link":"https:\/\/bertrandplumbing.com\/fr\/a-propos\/","title":{"rendered":"\u00c0 propos"},"content":{"rendered":"<div id=\"cs-content\" class=\"cs-content\"><\/div>\n","protected":false},"excerpt":{"rendered":"<p>\u00c0 propos de nous Fond\u00e9e en 2005, Bertrand Plumbing &amp; Heating Inc., offre des services r\u00e9sidentiels et commerciaux de plomberie, de chauffage, de ventilation, \u00e9lectrique, de climatisation et de traitement de l\u2019eau de premi\u00e8re qualit\u00e9 dans toute la r\u00e9gion d\u2019Ottawa. Nos installations et la qualit\u00e9 de notre service nous ont valu une client\u00e8le assidue. Nous sommes fiers d\u2019\u00eatre une entreprise &#8230; <\/p>\n<div><a href=\"https:\/\/bertrandplumbing.com\/fr\/a-propos\/\" class=\"more-link\">Read More<\/a><\/div>\n","protected":false},"author":2,"featured_media":0,"parent":0,"menu_order":1,"comment_status":"closed","ping_status":"closed","template":"template-blank-4.php","meta":{"_seopress_robots_primary_cat":"","_seopress_titles_title":"\u00c0 propos de Bertrand Plumbing \u00e0 Ottawa","_seopress_titles_desc":"Bertrand Plumbing offre tous les services dont vous avez besoin pour assurer le bon fonctionnement de votre maison ou de votre entreprise sous un m\u00eame toit.","_seopress_robots_index":"","footnotes":""},"class_list":["post-349","page","type-page","status-publish","hentry","no-post-thumbnail"],"_links":{"self":[{"href":"https:\/\/bertrandplumbing.com\/fr\/wp-json\/wp\/v2\/pages\/349","targetHints":{"allow":["GET"]}}],"collection":[{"href":"https:\/\/bertrandplumbing.com\/fr\/wp-json\/wp\/v2\/pages"}],"about":[{"href":"https:\/\/bertrandplumbing.com\/fr\/wp-json\/wp\/v2\/types\/page"}],"author":[{"embeddable":true,"href":"https:\/\/bertrandplumbing.com\/fr\/wp-json\/wp\/v2\/users\/2"}],"replies":[{"embeddable":true,"href":"https:\/\/bertrandplumbing.com\/fr\/wp-json\/wp\/v2\/comments?post=349"}],"version-history":[{"count":9,"href":"https:\/\/bertrandplumbing.com\/fr\/wp-json\/wp\/v2\/pages\/349\/revisions"}],"predecessor-version":[{"id":771,"href":"https:\/\/bertrandplumbing.com\/fr\/wp-json\/wp\/v2\/pages\/349\/revisions\/771"}],"wp:attachment":[{"href":"https:\/\/bertrandplumbing.com\/fr\/wp-json\/wp\/v2\/media?parent=349"}],"curies":[{"name":"wp","href":"https:\/\/api.w.org\/{rel}","templated":true}]}}