{"id":344,"date":"2023-01-16T17:06:01","date_gmt":"2023-01-16T22:06:01","guid":{"rendered":"https:\/\/bertrandplumbing.thedev.ca\/demander-un-service-proposition-french\/"},"modified":"2024-05-02T08:35:10","modified_gmt":"2024-05-02T12:35:10","slug":"demander-un-service-ou-une-proposition","status":"publish","type":"page","link":"https:\/\/bertrandplumbing.com\/fr\/demander-un-service-ou-une-proposition\/","title":{"rendered":"Demander un service \/ proposition"},"content":{"rendered":"<div id=\"cs-content\" class=\"cs-content\"><\/div>\n","protected":false},"excerpt":{"rendered":"<p>Please fill in the form below to request a proposal. We will contact you shortly for a discussion and we can provide you with a solution that is customized for your situation. Votre nom(N\u00e9cessaire) Pr\u00e9nom Nom Votre courriel(N\u00e9cessaire) Votre t\u00e9l\u00e9phone(N\u00e9cessaire)Adresse compl\u00e8te(N\u00e9cessaire) Adresse postale Adresse ligne 2 Ville AlbertaColombie-BritanniqueManitobaNouveau-BrunswickTerre-Neuve-et-LabradorTerritoires du Nord-OuestNouvelle-\u00c9cosseNunavutOntario\u00cele du Prince-\u00c9douardQu\u00e9becSaskatchewanYukon Province Code postal Demander une proposition ou un &#8230; <\/p>\n<div><a href=\"https:\/\/bertrandplumbing.com\/fr\/demander-un-service-ou-une-proposition\/\" class=\"more-link\">Read More<\/a><\/div>\n","protected":false},"author":2,"featured_media":0,"parent":0,"menu_order":7,"comment_status":"closed","ping_status":"closed","template":"template-blank-4.php","meta":{"_seopress_robots_primary_cat":"","_seopress_titles_title":"Demander un service \/ proposition | Bertrand Plumbing","_seopress_titles_desc":"Vous avez un projet en t\u00eate et souhaitez entrer en contact avec nos experts ? Remplissez le formulaire ci-dessous pour demander une proposition.","_seopress_robots_index":"","footnotes":""},"class_list":["post-344","page","type-page","status-publish","hentry","no-post-thumbnail"],"_links":{"self":[{"href":"https:\/\/bertrandplumbing.com\/fr\/wp-json\/wp\/v2\/pages\/344","targetHints":{"allow":["GET"]}}],"collection":[{"href":"https:\/\/bertrandplumbing.com\/fr\/wp-json\/wp\/v2\/pages"}],"about":[{"href":"https:\/\/bertrandplumbing.com\/fr\/wp-json\/wp\/v2\/types\/page"}],"author":[{"embeddable":true,"href":"https:\/\/bertrandplumbing.com\/fr\/wp-json\/wp\/v2\/users\/2"}],"replies":[{"embeddable":true,"href":"https:\/\/bertrandplumbing.com\/fr\/wp-json\/wp\/v2\/comments?post=344"}],"version-history":[{"count":4,"href":"https:\/\/bertrandplumbing.com\/fr\/wp-json\/wp\/v2\/pages\/344\/revisions"}],"predecessor-version":[{"id":798,"href":"https:\/\/bertrandplumbing.com\/fr\/wp-json\/wp\/v2\/pages\/344\/revisions\/798"}],"wp:attachment":[{"href":"https:\/\/bertrandplumbing.com\/fr\/wp-json\/wp\/v2\/media?parent=344"}],"curies":[{"name":"wp","href":"https:\/\/api.w.org\/{rel}","templated":true}]}}