{"id":338,"date":"2023-01-16T17:06:31","date_gmt":"2023-01-16T22:06:31","guid":{"rendered":"https:\/\/bertrandplumbing.thedev.ca\/contact-us-french\/"},"modified":"2024-05-02T08:31:43","modified_gmt":"2024-05-02T12:31:43","slug":"contactez-nous","status":"publish","type":"page","link":"https:\/\/bertrandplumbing.com\/fr\/contactez-nous\/","title":{"rendered":"Contactez-nous"},"content":{"rendered":"<div id=\"cs-content\" class=\"cs-content\"><\/div>\n","protected":false},"excerpt":{"rendered":"<p>Coordonn\u00e9es Postale : 195 Bay Street Embrun, On K0A1W1 T\u00e9l : 613.443.3090 T\u00e9l\u00e9copieur : 613.443.1896 Nous acceptons les paiements par Visa et MasterCard.L\u2019\u00e9quipe me gestions de Bertrand Plumbing &#038; Heating Inc Martin Bertrand Pr\u00e9sidentmartin@bertrandplumbing.com 613.443.3090 ext. 207 Roxanne Bertrand Vice pr\u00e9sidentroxanne@bertrandplumbing.com 613.443.3090 ext. 200 Kris Longtin Gestionnaire de projet r\u00e9sidentielkristian@bertrandplumbing.com 613.443.3090 ext. 201 Ginette Bertrand Coordonnatrice de la comptabilit\u00e9ginette@bertrandplumbing.com 613.443.3090 &#8230; <\/p>\n<div><a href=\"https:\/\/bertrandplumbing.com\/fr\/contactez-nous\/\" class=\"more-link\">Read More<\/a><\/div>\n","protected":false},"author":2,"featured_media":0,"parent":0,"menu_order":3,"comment_status":"closed","ping_status":"closed","template":"template-blank-4.php","meta":{"_seopress_robots_primary_cat":"","_seopress_titles_title":"Contactez-nous | Bertrand Plumbing","_seopress_titles_desc":"Contactez Bertrand Plumbing aujourd'hui au 613-443-3090 pour des services de plomberie experts. Communiquez avec notre \u00e9quipe exp\u00e9riment\u00e9e pour obtenir des solutions fiables.","_seopress_robots_index":"","footnotes":""},"class_list":["post-338","page","type-page","status-publish","hentry","no-post-thumbnail"],"_links":{"self":[{"href":"https:\/\/bertrandplumbing.com\/fr\/wp-json\/wp\/v2\/pages\/338","targetHints":{"allow":["GET"]}}],"collection":[{"href":"https:\/\/bertrandplumbing.com\/fr\/wp-json\/wp\/v2\/pages"}],"about":[{"href":"https:\/\/bertrandplumbing.com\/fr\/wp-json\/wp\/v2\/types\/page"}],"author":[{"embeddable":true,"href":"https:\/\/bertrandplumbing.com\/fr\/wp-json\/wp\/v2\/users\/2"}],"replies":[{"embeddable":true,"href":"https:\/\/bertrandplumbing.com\/fr\/wp-json\/wp\/v2\/comments?post=338"}],"version-history":[{"count":9,"href":"https:\/\/bertrandplumbing.com\/fr\/wp-json\/wp\/v2\/pages\/338\/revisions"}],"predecessor-version":[{"id":795,"href":"https:\/\/bertrandplumbing.com\/fr\/wp-json\/wp\/v2\/pages\/338\/revisions\/795"}],"wp:attachment":[{"href":"https:\/\/bertrandplumbing.com\/fr\/wp-json\/wp\/v2\/media?parent=338"}],"curies":[{"name":"wp","href":"https:\/\/api.w.org\/{rel}","templated":true}]}}