{"id":322,"date":"2023-02-01T19:25:09","date_gmt":"2023-02-02T00:25:09","guid":{"rendered":"https:\/\/bertrandplumbing.thedev.ca\/career-opportunities-french\/"},"modified":"2024-05-02T08:28:47","modified_gmt":"2024-05-02T12:28:47","slug":"carriere","status":"publish","type":"page","link":"https:\/\/bertrandplumbing.com\/fr\/carriere\/","title":{"rendered":"Carri\u00e8re"},"content":{"rendered":"<div id=\"cs-content\" class=\"cs-content\"><\/div>\n","protected":false},"excerpt":{"rendered":"<p>Chez Bertrand Plumbing &amp; Heating, on est fiers d\u2019avoir gard\u00e9 notre ambiance familiale depuis notre fondation en 2005. Ici, tu vas retrouver parmi les meilleures conditions de travail de l\u2019industrie, des coll\u00e8gues qui vont vite devenir des chums et surtout, un endroit o\u00f9 on a confiance en tes comp\u00e9tences et o\u00f9 on te laisse la place pour exercer le m\u00e9tier &#8230; <\/p>\n<div><a href=\"https:\/\/bertrandplumbing.com\/fr\/carriere\/\" class=\"more-link\">Read More<\/a><\/div>\n","protected":false},"author":2,"featured_media":0,"parent":0,"menu_order":4,"comment_status":"closed","ping_status":"closed","template":"template-blank-4.php","meta":{"_seopress_robots_primary_cat":"","_seopress_titles_title":"Opportunit\u00e9 de carri\u00e8re | Bertrand Plumbing","_seopress_titles_desc":"Chez Bertrand, nous sommes fiers d'avoir conserv\u00e9 notre atmosph\u00e8re familiale. Vous y trouverez des conditions de travail parmi les meilleures. Postulez !","_seopress_robots_index":"","footnotes":""},"class_list":["post-322","page","type-page","status-publish","hentry","no-post-thumbnail"],"_links":{"self":[{"href":"https:\/\/bertrandplumbing.com\/fr\/wp-json\/wp\/v2\/pages\/322","targetHints":{"allow":["GET"]}}],"collection":[{"href":"https:\/\/bertrandplumbing.com\/fr\/wp-json\/wp\/v2\/pages"}],"about":[{"href":"https:\/\/bertrandplumbing.com\/fr\/wp-json\/wp\/v2\/types\/page"}],"author":[{"embeddable":true,"href":"https:\/\/bertrandplumbing.com\/fr\/wp-json\/wp\/v2\/users\/2"}],"replies":[{"embeddable":true,"href":"https:\/\/bertrandplumbing.com\/fr\/wp-json\/wp\/v2\/comments?post=322"}],"version-history":[{"count":8,"href":"https:\/\/bertrandplumbing.com\/fr\/wp-json\/wp\/v2\/pages\/322\/revisions"}],"predecessor-version":[{"id":792,"href":"https:\/\/bertrandplumbing.com\/fr\/wp-json\/wp\/v2\/pages\/322\/revisions\/792"}],"wp:attachment":[{"href":"https:\/\/bertrandplumbing.com\/fr\/wp-json\/wp\/v2\/media?parent=322"}],"curies":[{"name":"wp","href":"https:\/\/api.w.org\/{rel}","templated":true}]}}