{"id":314,"date":"2023-01-16T17:07:08","date_gmt":"2023-01-16T22:07:08","guid":{"rendered":"https:\/\/bertrandplumbing.thedev.ca\/invoice-payment-french\/"},"modified":"2024-05-02T08:35:58","modified_gmt":"2024-05-02T12:35:58","slug":"paiement-de-facture","status":"publish","type":"page","link":"https:\/\/bertrandplumbing.com\/fr\/paiement-de-facture\/","title":{"rendered":"Paiement de facture"},"content":{"rendered":"<div id=\"cs-content\" class=\"cs-content\"><\/div>\n","protected":false},"excerpt":{"rendered":"<p>Mode de paiement Carte de cr&eacute;dit Visa ou Mastercard (tous les paiements par carte de cr&eacute;dit seront assujettis &agrave; des frais de traitement additionnels de 3%, qui seront ajout&eacute;s au total de votre facture) Carte D&eacute;bit Ch&egrave;que (pour un ch&egrave;que sans provision, un frais de 75.00 va etre appliqu&eacute; &agrave; votre compte) Traite bancaire or cheques certifier peut etre fait &#8230; <\/p>\n<div><a href=\"https:\/\/bertrandplumbing.com\/fr\/paiement-de-facture\/\" class=\"more-link\">Read More<\/a><\/div>\n","protected":false},"author":2,"featured_media":0,"parent":0,"menu_order":8,"comment_status":"closed","ping_status":"closed","template":"template-blank-4.php","meta":{"_seopress_robots_primary_cat":"","_seopress_titles_title":"Paiement de facture | Bertrand Plumbing","_seopress_titles_desc":"R\u00e9glez votre facture Bertrand Plumbing en ligne. Un paiement s\u00e9curis\u00e9 et sans souci pour nos services exceptionnels.","_seopress_robots_index":"","footnotes":""},"class_list":["post-314","page","type-page","status-publish","hentry","no-post-thumbnail"],"_links":{"self":[{"href":"https:\/\/bertrandplumbing.com\/fr\/wp-json\/wp\/v2\/pages\/314","targetHints":{"allow":["GET"]}}],"collection":[{"href":"https:\/\/bertrandplumbing.com\/fr\/wp-json\/wp\/v2\/pages"}],"about":[{"href":"https:\/\/bertrandplumbing.com\/fr\/wp-json\/wp\/v2\/types\/page"}],"author":[{"embeddable":true,"href":"https:\/\/bertrandplumbing.com\/fr\/wp-json\/wp\/v2\/users\/2"}],"replies":[{"embeddable":true,"href":"https:\/\/bertrandplumbing.com\/fr\/wp-json\/wp\/v2\/comments?post=314"}],"version-history":[{"count":7,"href":"https:\/\/bertrandplumbing.com\/fr\/wp-json\/wp\/v2\/pages\/314\/revisions"}],"predecessor-version":[{"id":799,"href":"https:\/\/bertrandplumbing.com\/fr\/wp-json\/wp\/v2\/pages\/314\/revisions\/799"}],"wp:attachment":[{"href":"https:\/\/bertrandplumbing.com\/fr\/wp-json\/wp\/v2\/media?parent=314"}],"curies":[{"name":"wp","href":"https:\/\/api.w.org\/{rel}","templated":true}]}}