{"id":309,"date":"2023-01-16T17:05:17","date_gmt":"2023-01-16T22:05:17","guid":{"rendered":"https:\/\/bertrandplumbing.thedev.ca\/water-treatment-french\/"},"modified":"2024-05-02T08:27:34","modified_gmt":"2024-05-02T12:27:34","slug":"traitement-de-leau","status":"publish","type":"page","link":"https:\/\/bertrandplumbing.com\/fr\/produits-et-services\/traitement-de-leau\/","title":{"rendered":"Traitement de l\u2019eau"},"content":{"rendered":"<div id=\"cs-content\" class=\"cs-content\"><\/div>\n","protected":false},"excerpt":{"rendered":"<p>La qualit\u00e9 de l\u2019eau a un impact sur votre qualit\u00e9 de vie; pour cette raison, il est important de choisir le syst\u00e8me qui vous convient. Chez Bertrand Plumbing &amp; Heating Inc., nos experts en filtration et en adoucisseur d\u2019eau savent comment am\u00e9liorer la qualit\u00e9 de l\u2019eau de votre demeure ou de votre bureau. Pour un traitement d\u2019eau standard ou pour &#8230; <\/p>\n<div><a href=\"https:\/\/bertrandplumbing.com\/fr\/produits-et-services\/traitement-de-leau\/\" class=\"more-link\">Read More<\/a><\/div>\n","protected":false},"author":2,"featured_media":0,"parent":274,"menu_order":5,"comment_status":"closed","ping_status":"closed","template":"template-blank-4.php","meta":{"_seopress_robots_primary_cat":"","_seopress_titles_title":"Traitement d'eau \u00e0 Ottawa | Bertrand Plumbing","_seopress_titles_desc":"Am\u00e9liorez la qualit\u00e9 de l'eau \u00e0 Ottawa gr\u00e2ce \u00e0 nos solutions de traitement de l'eau sur mesure. Bertrand Plumbing offre des services experts pour votre tranquillit\u00e9 d'esprit.","_seopress_robots_index":"","footnotes":""},"class_list":["post-309","page","type-page","status-publish","hentry","no-post-thumbnail"],"_links":{"self":[{"href":"https:\/\/bertrandplumbing.com\/fr\/wp-json\/wp\/v2\/pages\/309","targetHints":{"allow":["GET"]}}],"collection":[{"href":"https:\/\/bertrandplumbing.com\/fr\/wp-json\/wp\/v2\/pages"}],"about":[{"href":"https:\/\/bertrandplumbing.com\/fr\/wp-json\/wp\/v2\/types\/page"}],"author":[{"embeddable":true,"href":"https:\/\/bertrandplumbing.com\/fr\/wp-json\/wp\/v2\/users\/2"}],"replies":[{"embeddable":true,"href":"https:\/\/bertrandplumbing.com\/fr\/wp-json\/wp\/v2\/comments?post=309"}],"version-history":[{"count":12,"href":"https:\/\/bertrandplumbing.com\/fr\/wp-json\/wp\/v2\/pages\/309\/revisions"}],"predecessor-version":[{"id":791,"href":"https:\/\/bertrandplumbing.com\/fr\/wp-json\/wp\/v2\/pages\/309\/revisions\/791"}],"up":[{"embeddable":true,"href":"https:\/\/bertrandplumbing.com\/fr\/wp-json\/wp\/v2\/pages\/274"}],"wp:attachment":[{"href":"https:\/\/bertrandplumbing.com\/fr\/wp-json\/wp\/v2\/media?parent=309"}],"curies":[{"name":"wp","href":"https:\/\/api.w.org\/{rel}","templated":true}]}}