{"id":304,"date":"2023-01-16T17:05:17","date_gmt":"2023-01-16T22:05:17","guid":{"rendered":"https:\/\/bertrandplumbing.thedev.ca\/radiant-flooring-french\/"},"modified":"2024-05-02T08:24:47","modified_gmt":"2024-05-02T12:24:47","slug":"chauffage-radiant","status":"publish","type":"page","link":"https:\/\/bertrandplumbing.com\/fr\/produits-et-services\/chauffage-radiant\/","title":{"rendered":"Chauffage radiant"},"content":{"rendered":"<div id=\"cs-content\" class=\"cs-content\"><\/div>\n","protected":false},"excerpt":{"rendered":"<p>On ne peut pas voir l\u2019\u00e9nergie d\u00e9gag\u00e9e par le chauffage radiant mais on peut certainement la sentir\u2026 et \u00e7a fait du bien ! Le chauffage radiant, c\u2019est comme un rayon de soleil ou la chaleur du feu ; il vous aide \u00e0 vous sentir plus \u00e0 l\u2019aise et \u00e0 ressentir du bien-\u00eatre. La sensation de confort vient de l\u2019effet combin\u00e9 &#8230; <\/p>\n<div><a href=\"https:\/\/bertrandplumbing.com\/fr\/produits-et-services\/chauffage-radiant\/\" class=\"more-link\">Read More<\/a><\/div>\n","protected":false},"author":2,"featured_media":0,"parent":274,"menu_order":4,"comment_status":"closed","ping_status":"closed","template":"template-blank-4.php","meta":{"_seopress_robots_primary_cat":"","_seopress_titles_title":"Plancher chauffant radiant \u00e0 Ottawa | Bertrand Plumbing","_seopress_titles_desc":"Faites l'exp\u00e9rience du confort ultime gr\u00e2ce \u00e0 nos solutions de plancher \u00e0 chaleur radiante \u00e0 Ottawa. Transformez votre maison gr\u00e2ce \u00e0 nos services d'installation sp\u00e9cialis\u00e9s.","_seopress_robots_index":"","footnotes":""},"class_list":["post-304","page","type-page","status-publish","hentry","no-post-thumbnail"],"_links":{"self":[{"href":"https:\/\/bertrandplumbing.com\/fr\/wp-json\/wp\/v2\/pages\/304","targetHints":{"allow":["GET"]}}],"collection":[{"href":"https:\/\/bertrandplumbing.com\/fr\/wp-json\/wp\/v2\/pages"}],"about":[{"href":"https:\/\/bertrandplumbing.com\/fr\/wp-json\/wp\/v2\/types\/page"}],"author":[{"embeddable":true,"href":"https:\/\/bertrandplumbing.com\/fr\/wp-json\/wp\/v2\/users\/2"}],"replies":[{"embeddable":true,"href":"https:\/\/bertrandplumbing.com\/fr\/wp-json\/wp\/v2\/comments?post=304"}],"version-history":[{"count":12,"href":"https:\/\/bertrandplumbing.com\/fr\/wp-json\/wp\/v2\/pages\/304\/revisions"}],"predecessor-version":[{"id":789,"href":"https:\/\/bertrandplumbing.com\/fr\/wp-json\/wp\/v2\/pages\/304\/revisions\/789"}],"up":[{"embeddable":true,"href":"https:\/\/bertrandplumbing.com\/fr\/wp-json\/wp\/v2\/pages\/274"}],"wp:attachment":[{"href":"https:\/\/bertrandplumbing.com\/fr\/wp-json\/wp\/v2\/media?parent=304"}],"curies":[{"name":"wp","href":"https:\/\/api.w.org\/{rel}","templated":true}]}}