{"id":299,"date":"2023-01-16T17:05:17","date_gmt":"2023-01-16T22:05:17","guid":{"rendered":"https:\/\/bertrandplumbing.thedev.ca\/fireplace-design-installation-french\/"},"modified":"2024-05-02T08:20:31","modified_gmt":"2024-05-02T12:20:31","slug":"conception-et-installation-de-foyers","status":"publish","type":"page","link":"https:\/\/bertrandplumbing.com\/fr\/produits-et-services\/conception-et-installation-de-foyers\/","title":{"rendered":"Conception et installation de foyers"},"content":{"rendered":"<div id=\"cs-content\" class=\"cs-content\"><\/div>\n","protected":false},"excerpt":{"rendered":"<p>L\u2019\u00e9quipe de Bertrand Plumbing &amp; Heating Inc. saura vous montrer \u00e0 quel point il est facile d\u2019ajouter un peu de chaleur, du caract\u00e8re et une valeur durable \u00e0 votre maison, simplement en installant un magnifique foyer au gaz dans une des pi\u00e8ces. Nous joindre\u00a0Bertrand Plumbing &amp; Heating Inc. et nous vous proposerons une solution adapt\u00e9e \u00e0 vos besoins.Demander un service &#8230; <\/p>\n<div><a href=\"https:\/\/bertrandplumbing.com\/fr\/produits-et-services\/conception-et-installation-de-foyers\/\" class=\"more-link\">Read More<\/a><\/div>\n","protected":false},"author":2,"featured_media":0,"parent":274,"menu_order":3,"comment_status":"closed","ping_status":"closed","template":"template-blank-4.php","meta":{"_seopress_robots_primary_cat":"","_seopress_titles_title":"Conception et installation de foyers \u00e0 Ottawa | Bertrand Plumbing","_seopress_titles_desc":"Transformez votre espace avec un concept et une installation de foyer exceptionnels \u00e0 Ottawa. D\u00e9couvrez notre gamme de services pour une vie confortable chez Bertrand Plumbing.","_seopress_robots_index":"","footnotes":""},"class_list":["post-299","page","type-page","status-publish","hentry","no-post-thumbnail"],"_links":{"self":[{"href":"https:\/\/bertrandplumbing.com\/fr\/wp-json\/wp\/v2\/pages\/299","targetHints":{"allow":["GET"]}}],"collection":[{"href":"https:\/\/bertrandplumbing.com\/fr\/wp-json\/wp\/v2\/pages"}],"about":[{"href":"https:\/\/bertrandplumbing.com\/fr\/wp-json\/wp\/v2\/types\/page"}],"author":[{"embeddable":true,"href":"https:\/\/bertrandplumbing.com\/fr\/wp-json\/wp\/v2\/users\/2"}],"replies":[{"embeddable":true,"href":"https:\/\/bertrandplumbing.com\/fr\/wp-json\/wp\/v2\/comments?post=299"}],"version-history":[{"count":13,"href":"https:\/\/bertrandplumbing.com\/fr\/wp-json\/wp\/v2\/pages\/299\/revisions"}],"predecessor-version":[{"id":786,"href":"https:\/\/bertrandplumbing.com\/fr\/wp-json\/wp\/v2\/pages\/299\/revisions\/786"}],"up":[{"embeddable":true,"href":"https:\/\/bertrandplumbing.com\/fr\/wp-json\/wp\/v2\/pages\/274"}],"wp:attachment":[{"href":"https:\/\/bertrandplumbing.com\/fr\/wp-json\/wp\/v2\/media?parent=299"}],"curies":[{"name":"wp","href":"https:\/\/api.w.org\/{rel}","templated":true}]}}