{"id":294,"date":"2023-01-16T17:05:17","date_gmt":"2023-01-16T22:05:17","guid":{"rendered":"https:\/\/bertrandplumbing.thedev.ca\/ductwork-service-french\/"},"modified":"2024-05-01T16:15:08","modified_gmt":"2024-05-01T20:15:08","slug":"conduits-de-ventilation","status":"publish","type":"page","link":"https:\/\/bertrandplumbing.com\/fr\/produits-et-services\/conduits-de-ventilation\/","title":{"rendered":"Conduits de ventilation"},"content":{"rendered":"<div id=\"cs-content\" class=\"cs-content\"><\/div>\n","protected":false},"excerpt":{"rendered":"<p>Vous devez toujours choisir des experts pour le design, la fabrication et l\u2019installation de vos conduits de ventilation. Bertrand Plumbing &amp; Heating Inc. Poss\u00e8de plusieurs ann\u00e9es d\u2019exp\u00e9rience dans ce domaine et s\u2019engage \u00e0 fournir \u00e0 ses clients des solutions adapt\u00e9es \u00e0 leurs besoins pour les assurer le plus haut niveau de confort.Demander un service \/ proposition. Demandez une soumission en &#8230; <\/p>\n<div><a href=\"https:\/\/bertrandplumbing.com\/fr\/produits-et-services\/conduits-de-ventilation\/\" class=\"more-link\">Read More<\/a><\/div>\n","protected":false},"author":2,"featured_media":0,"parent":274,"menu_order":2,"comment_status":"closed","ping_status":"closed","template":"template-blank-4.php","meta":{"_seopress_robots_primary_cat":"","_seopress_titles_title":"Services de conduits de fum\u00e9e \u00e0 Ottawa | Bertrand Plumbing","_seopress_titles_desc":"Bertrand Plumbing offre des services de conduits de qualit\u00e9 sup\u00e9rieure \u00e0 Ottawa. Faites-nous confiance pour des solutions expertes et une gestion sup\u00e9rieure de la circulation de l'air.","_seopress_robots_index":"","footnotes":""},"class_list":["post-294","page","type-page","status-publish","hentry","no-post-thumbnail"],"_links":{"self":[{"href":"https:\/\/bertrandplumbing.com\/fr\/wp-json\/wp\/v2\/pages\/294","targetHints":{"allow":["GET"]}}],"collection":[{"href":"https:\/\/bertrandplumbing.com\/fr\/wp-json\/wp\/v2\/pages"}],"about":[{"href":"https:\/\/bertrandplumbing.com\/fr\/wp-json\/wp\/v2\/types\/page"}],"author":[{"embeddable":true,"href":"https:\/\/bertrandplumbing.com\/fr\/wp-json\/wp\/v2\/users\/2"}],"replies":[{"embeddable":true,"href":"https:\/\/bertrandplumbing.com\/fr\/wp-json\/wp\/v2\/comments?post=294"}],"version-history":[{"count":12,"href":"https:\/\/bertrandplumbing.com\/fr\/wp-json\/wp\/v2\/pages\/294\/revisions"}],"predecessor-version":[{"id":784,"href":"https:\/\/bertrandplumbing.com\/fr\/wp-json\/wp\/v2\/pages\/294\/revisions\/784"}],"up":[{"embeddable":true,"href":"https:\/\/bertrandplumbing.com\/fr\/wp-json\/wp\/v2\/pages\/274"}],"wp:attachment":[{"href":"https:\/\/bertrandplumbing.com\/fr\/wp-json\/wp\/v2\/media?parent=294"}],"curies":[{"name":"wp","href":"https:\/\/api.w.org\/{rel}","templated":true}]}}