{"id":289,"date":"2023-01-16T17:05:17","date_gmt":"2023-01-16T22:05:17","guid":{"rendered":"https:\/\/bertrandplumbing.thedev.ca\/heating-cooling-ventilation-french\/"},"modified":"2024-05-29T11:20:50","modified_gmt":"2024-05-29T15:20:50","slug":"chauffage-climatisation-et-ventilation","status":"publish","type":"page","link":"https:\/\/bertrandplumbing.com\/fr\/produits-et-services\/chauffage-climatisation-et-ventilation\/","title":{"rendered":"Chauffage, climatisation et ventilation"},"content":{"rendered":"<div id=\"cs-content\" class=\"cs-content\"><\/div>\n","protected":false},"excerpt":{"rendered":"<p>Bertrand Plumbing &amp; Heating Inc. offre une vaste gamme de solutions et de services r\u00e9sidentiels et commerciaux de chauffage, de ventilation et de climatisation tels que l\u2019installation de nouveaux syst\u00e8mes et le remplacement ou la r\u00e9paration de syst\u00e8mes existants. Bertrand Plumbing &amp; Heating Inc. compte sur des professionnels qualifi\u00e9s et exp\u00e9riment\u00e9s capables d\u2019ex\u00e9cuter correctement les travaux, tout en respectant les &#8230; <\/p>\n<div><a href=\"https:\/\/bertrandplumbing.com\/fr\/produits-et-services\/chauffage-climatisation-et-ventilation\/\" class=\"more-link\">Read More<\/a><\/div>\n","protected":false},"author":2,"featured_media":0,"parent":274,"menu_order":1,"comment_status":"closed","ping_status":"closed","template":"template-blank-4.php","meta":{"_seopress_robots_primary_cat":"","_seopress_titles_title":"Services CVC \u00e0 Ottawa | Chauffage et climatisation | Bertrand Plumbing","_seopress_titles_desc":"Pour des services de CVC de premier ordre \u00e0 Ottawa, faites confiance \u00e0 Bertrand Plumbing. Notre expertise en mati\u00e8re de chauffage, de climatisation et de ventilation assure votre confort tout au long de l'ann\u00e9e.","_seopress_robots_index":"","footnotes":""},"class_list":["post-289","page","type-page","status-publish","hentry","no-post-thumbnail"],"_links":{"self":[{"href":"https:\/\/bertrandplumbing.com\/fr\/wp-json\/wp\/v2\/pages\/289","targetHints":{"allow":["GET"]}}],"collection":[{"href":"https:\/\/bertrandplumbing.com\/fr\/wp-json\/wp\/v2\/pages"}],"about":[{"href":"https:\/\/bertrandplumbing.com\/fr\/wp-json\/wp\/v2\/types\/page"}],"author":[{"embeddable":true,"href":"https:\/\/bertrandplumbing.com\/fr\/wp-json\/wp\/v2\/users\/2"}],"replies":[{"embeddable":true,"href":"https:\/\/bertrandplumbing.com\/fr\/wp-json\/wp\/v2\/comments?post=289"}],"version-history":[{"count":16,"href":"https:\/\/bertrandplumbing.com\/fr\/wp-json\/wp\/v2\/pages\/289\/revisions"}],"predecessor-version":[{"id":782,"href":"https:\/\/bertrandplumbing.com\/fr\/wp-json\/wp\/v2\/pages\/289\/revisions\/782"}],"up":[{"embeddable":true,"href":"https:\/\/bertrandplumbing.com\/fr\/wp-json\/wp\/v2\/pages\/274"}],"wp:attachment":[{"href":"https:\/\/bertrandplumbing.com\/fr\/wp-json\/wp\/v2\/media?parent=289"}],"curies":[{"name":"wp","href":"https:\/\/api.w.org\/{rel}","templated":true}]}}