{"id":284,"date":"2023-01-16T17:05:17","date_gmt":"2023-01-16T22:05:17","guid":{"rendered":"https:\/\/bertrandplumbing.thedev.ca\/plumbing-french\/"},"modified":"2024-05-29T13:33:09","modified_gmt":"2024-05-29T17:33:09","slug":"plomberie","status":"publish","type":"page","link":"https:\/\/bertrandplumbing.com\/fr\/produits-et-services\/plomberie\/","title":{"rendered":"Plomberie"},"content":{"rendered":"<div id=\"cs-content\" class=\"cs-content\"><\/div>\n","protected":false},"excerpt":{"rendered":"<p>Bertrand Plumbing &amp; Heating Inc. offre une vaste gamme de solutions et de services de plomberie r\u00e9sidentielle ou commerciale. L\u2019excellence de notre travail vous assure un service de qualit\u00e9 pour des ann\u00e9es \u00e0 venir. Les membres de notre \u00e9quipe sont qualifi\u00e9s dans tous les domaines qui touchent \u00e0 la r\u00e9paration, l\u2019installation et la r\u00e9novation de la plomberie r\u00e9sidentielle ou commerciale. &#8230; <\/p>\n<div><a href=\"https:\/\/bertrandplumbing.com\/fr\/produits-et-services\/plomberie\/\" class=\"more-link\">Read More<\/a><\/div>\n","protected":false},"author":2,"featured_media":0,"parent":274,"menu_order":0,"comment_status":"closed","ping_status":"closed","template":"template-blank-4.php","meta":{"_seopress_robots_primary_cat":"","_seopress_titles_title":"Services de plomberie \u00e0 Ottawa | Bertrand Plumbing","_seopress_titles_desc":"Besoin de services de plomberie experts \u00e0 Ottawa ? Bertrand Plumbing offre des solutions expertes. Des r\u00e9parations aux installations, faites-nous confiance pour tous vos besoins en plomberie.","_seopress_robots_index":"","footnotes":""},"class_list":["post-284","page","type-page","status-publish","hentry","no-post-thumbnail"],"_links":{"self":[{"href":"https:\/\/bertrandplumbing.com\/fr\/wp-json\/wp\/v2\/pages\/284","targetHints":{"allow":["GET"]}}],"collection":[{"href":"https:\/\/bertrandplumbing.com\/fr\/wp-json\/wp\/v2\/pages"}],"about":[{"href":"https:\/\/bertrandplumbing.com\/fr\/wp-json\/wp\/v2\/types\/page"}],"author":[{"embeddable":true,"href":"https:\/\/bertrandplumbing.com\/fr\/wp-json\/wp\/v2\/users\/2"}],"replies":[{"embeddable":true,"href":"https:\/\/bertrandplumbing.com\/fr\/wp-json\/wp\/v2\/comments?post=284"}],"version-history":[{"count":17,"href":"https:\/\/bertrandplumbing.com\/fr\/wp-json\/wp\/v2\/pages\/284\/revisions"}],"predecessor-version":[{"id":780,"href":"https:\/\/bertrandplumbing.com\/fr\/wp-json\/wp\/v2\/pages\/284\/revisions\/780"}],"up":[{"embeddable":true,"href":"https:\/\/bertrandplumbing.com\/fr\/wp-json\/wp\/v2\/pages\/274"}],"wp:attachment":[{"href":"https:\/\/bertrandplumbing.com\/fr\/wp-json\/wp\/v2\/media?parent=284"}],"curies":[{"name":"wp","href":"https:\/\/api.w.org\/{rel}","templated":true}]}}