{"id":279,"date":"2023-01-16T17:05:16","date_gmt":"2023-01-16T22:05:16","guid":{"rendered":"https:\/\/bertrandplumbing.thedev.ca\/electrical-french\/"},"modified":"2024-05-01T16:06:22","modified_gmt":"2024-05-01T20:06:22","slug":"electrique","status":"publish","type":"page","link":"https:\/\/bertrandplumbing.com\/fr\/produits-et-services\/electrique\/","title":{"rendered":"\u00c9lectrique"},"content":{"rendered":"<div id=\"cs-content\" class=\"cs-content\"><\/div>\n","protected":false},"excerpt":{"rendered":"<p>Bertrand Plumbing &amp; Heating Inc. propose une gamme compl\u00e8te de services d\u2019\u00e9lectricit\u00e9 pour les secteurs r\u00e9sidentiel et commercial. Des panneaux \u00e9lectriques secondaires \u00e0 l\u2019installation d\u2019ampoules\u00a0DEL, nous pouvons r\u00e9pondre \u00e0 tous vos besoins. Avec notre \u00e9quipe d\u2019experts chevronn\u00e9s, vous avez la certitude de pouvoir compter sur un travail toujours bien fait. Nous effectuons l\u2019installation et l\u2019entretien des \u00e9l\u00e9ments suivants\u00a0: Syst\u00e8mes monophas\u00e9s &#8230; <\/p>\n<div><a href=\"https:\/\/bertrandplumbing.com\/fr\/produits-et-services\/electrique\/\" class=\"more-link\">Read More<\/a><\/div>\n","protected":false},"author":2,"featured_media":0,"parent":274,"menu_order":6,"comment_status":"closed","ping_status":"closed","template":"template-blank-4.php","meta":{"_seopress_robots_primary_cat":"","_seopress_titles_title":"Services \u00e9lectriques \u00e0 Ottawa | Bertrand Plumbing","_seopress_titles_desc":"D\u00e9couvrez des services \u00e9lectriques de premier ordre \u00e0 Ottawa. Des installations aux r\u00e9parations, faites confiance \u00e0 Bertrand Plumbing pour des solutions fiables.","_seopress_robots_index":"","footnotes":""},"class_list":["post-279","page","type-page","status-publish","hentry","no-post-thumbnail"],"_links":{"self":[{"href":"https:\/\/bertrandplumbing.com\/fr\/wp-json\/wp\/v2\/pages\/279","targetHints":{"allow":["GET"]}}],"collection":[{"href":"https:\/\/bertrandplumbing.com\/fr\/wp-json\/wp\/v2\/pages"}],"about":[{"href":"https:\/\/bertrandplumbing.com\/fr\/wp-json\/wp\/v2\/types\/page"}],"author":[{"embeddable":true,"href":"https:\/\/bertrandplumbing.com\/fr\/wp-json\/wp\/v2\/users\/2"}],"replies":[{"embeddable":true,"href":"https:\/\/bertrandplumbing.com\/fr\/wp-json\/wp\/v2\/comments?post=279"}],"version-history":[{"count":15,"href":"https:\/\/bertrandplumbing.com\/fr\/wp-json\/wp\/v2\/pages\/279\/revisions"}],"predecessor-version":[{"id":778,"href":"https:\/\/bertrandplumbing.com\/fr\/wp-json\/wp\/v2\/pages\/279\/revisions\/778"}],"up":[{"embeddable":true,"href":"https:\/\/bertrandplumbing.com\/fr\/wp-json\/wp\/v2\/pages\/274"}],"wp:attachment":[{"href":"https:\/\/bertrandplumbing.com\/fr\/wp-json\/wp\/v2\/media?parent=279"}],"curies":[{"name":"wp","href":"https:\/\/api.w.org\/{rel}","templated":true}]}}