{"id":274,"date":"2023-01-16T17:03:49","date_gmt":"2023-01-16T22:03:49","guid":{"rendered":"https:\/\/bertrandplumbing.thedev.ca\/products-services-french\/"},"modified":"2024-05-01T15:45:10","modified_gmt":"2024-05-01T19:45:10","slug":"produits-et-services","status":"publish","type":"page","link":"https:\/\/bertrandplumbing.com\/fr\/produits-et-services\/","title":{"rendered":"Produits et services"},"content":{"rendered":"<div id=\"cs-content\" class=\"cs-content\"><\/div>\n","protected":false},"excerpt":{"rendered":"<p>Du projet le plus simple au plus complexe, Bertrand Plumbing &amp; Heating Inc. r\u00e9pondra \u00e0 tous vos besoins et \u00e0 toutes vos exigences.Nos services \u00c9lectriques PlomberieChauffage, climatisation et ventilationConduit de ventilation (Ductwork Service)Conception et installation de foyersChauffage radiantTraitement de l\u2019eau<\/p>\n","protected":false},"author":2,"featured_media":0,"parent":0,"menu_order":2,"comment_status":"closed","ping_status":"closed","template":"template-blank-4.php","meta":{"_seopress_robots_primary_cat":"","_seopress_titles_title":"Nos services | Bertrand Plumbing","_seopress_titles_desc":"Bertrand fait tout : plomberie, \u00e9lectricit\u00e9, chauffage, climatisation, services de canalisation, conception de chemin\u00e9es, planchers radiants et traitement d'eau","_seopress_robots_index":"","footnotes":""},"class_list":["post-274","page","type-page","status-publish","hentry","no-post-thumbnail"],"_links":{"self":[{"href":"https:\/\/bertrandplumbing.com\/fr\/wp-json\/wp\/v2\/pages\/274","targetHints":{"allow":["GET"]}}],"collection":[{"href":"https:\/\/bertrandplumbing.com\/fr\/wp-json\/wp\/v2\/pages"}],"about":[{"href":"https:\/\/bertrandplumbing.com\/fr\/wp-json\/wp\/v2\/types\/page"}],"author":[{"embeddable":true,"href":"https:\/\/bertrandplumbing.com\/fr\/wp-json\/wp\/v2\/users\/2"}],"replies":[{"embeddable":true,"href":"https:\/\/bertrandplumbing.com\/fr\/wp-json\/wp\/v2\/comments?post=274"}],"version-history":[{"count":6,"href":"https:\/\/bertrandplumbing.com\/fr\/wp-json\/wp\/v2\/pages\/274\/revisions"}],"predecessor-version":[{"id":775,"href":"https:\/\/bertrandplumbing.com\/fr\/wp-json\/wp\/v2\/pages\/274\/revisions\/775"}],"wp:attachment":[{"href":"https:\/\/bertrandplumbing.com\/fr\/wp-json\/wp\/v2\/media?parent=274"}],"curies":[{"name":"wp","href":"https:\/\/api.w.org\/{rel}","templated":true}]}}